{"id":2707,"date":"2016-07-04T20:32:05","date_gmt":"2016-07-04T20:32:05","guid":{"rendered":"http:\/\/naturheilpraxis-benker.de\/?page_id=2707"},"modified":"2021-09-16T17:06:11","modified_gmt":"2021-09-16T17:06:11","slug":"behandlungsmethoden","status":"publish","type":"page","link":"https:\/\/naturheilpraxis-benker.de\/?page_id=2707","title":{"rendered":"Therapiearten"},"content":{"rendered":"<p>[vc_row][vc_column][vc_separator]<div class=\"wpb_content_element \"><style type=\"text\/css\">#ut_header_69fb2963a6c81 h2.section-title { font-size:40px !important; }<\/style><header id=\"ut_header_69fb2963a6c81\" class=\"section-header  ut-no-title-linebreak-mobile ut-no-lead-linebreak-mobile pt-style-2 header-center header-tablet-center header-mobile-center\"><h2 data-title=\"Welche Therapiearten gibt es?\"  data-responsive-font=\"section_title\" data-responsive-font-settings=\"{&quot;base-font-size&quot;:&quot;40&quot;,&quot;font-size-unit&quot;:&quot;px&quot;,&quot;font-size&quot;:{&quot;desktop_large&quot;:&quot;40&quot;},&quot;base-line-height&quot;:&quot;global&quot;,&quot;base-letter-spacing&quot;:&quot;global&quot;}\" class=\"section-title  \"><span>Welche Therapiearten gibt es?<\/span><\/h2><\/header><\/div>[vc_empty_space mobile_height=&#8220;20px&#8220;][vc_column_text]<div id=\"ut-accordion-parent-1\" class=\"ut-accordion\"><div class=\"ut-accordion-group\"> <div class=\"ut-accordion-heading \"><a data-parent=\"#ut-accordion-parent-1\" class=\"accordion-toggle  active\" data-toggle=\"collapse\" data-target=\"#accordion0\">Ohrakupunktur<\/a><\/div><div id=\"accordion0\" class=\"ut-accordion-body collapse in\"><div class=\"ut-accordion-inner entry-content clearfix\"> Im Ohr steckt der komplette Mensch. In der Ohrmuschel ist der menschliche K\u00f6rper komplett in Reflexzonen abgebildet. Durch Akupunkturnadeln werden die verschiedenen Bereiche, je nach Krankheitsbild gereizt und somit die Selbstheilungskr\u00e4fte aktiviert. Bei sensiblen Patienten und Kindern kann die Ohrakupunktur auch ohne Nadeln sondern mit einer Laserakupunktur durchgef\u00fchrt werden. <\/div><\/div> <div class=\"ut-accordion-heading \"><a data-parent=\"#ut-accordion-parent-1\" class=\"accordion-toggle collapsed \" data-toggle=\"collapse\" data-target=\"#accordion1\">Bioresonanz<\/a><\/div><div id=\"accordion1\" class=\"ut-accordion-body collapse\"><div class=\"ut-accordion-inner entry-content clearfix\"> Durch die Bioresonaztherapie werden die Selbstheilungskr\u00e4fte und k\u00f6rpereigenen Regulationsmechanismen angeregt. Durch die schmerzfreie Testung und Therapie ist Bioresonanz sehr gut bei Kindern geeignet. W\u00e4hrend der Therapie werden die Frequenzmuster des Patienten oder der belasteten Substanzen abgegriffen \u00fcber das Bioresonanzger\u00e4t umgewandelt und dem Patienten vollkommen schmerzfrei \u00fcber Ausgangselektroden appliziert. Diese sanfte und absolut stressfreie Therapie erm\u00f6glicht unserem K\u00f6rper wieder in Balance zu gehen. <\/div><\/div> <div class=\"ut-accordion-heading \"><a data-parent=\"#ut-accordion-parent-1\" class=\"accordion-toggle collapsed \" data-toggle=\"collapse\" data-target=\"#accordion2\">Vitamine\/Mineralstoffe\/Aminos\u00e4uren<\/a><\/div><div id=\"accordion2\" class=\"ut-accordion-body collapse\"><div class=\"ut-accordion-inner entry-content clearfix\"> Jeder menschliche K\u00f6rper ist um den Ablauf verschiedener k\u00f6rperlicher Mechanismen zu gew\u00e4hrleisten auf eine optimale Mikron\u00e4hrstoffversorgung angewiesen. Leider ist in unseren Lebensmitteln durch \u00dcberd\u00fcngung, unreife Ernte und weiteren Ursachen der Mikron\u00e4hrstoffgehalt nicht mehr im ben\u00f6tigten Umfang enthalten. Auch bei Krankheiten und stressigen Situationen im privaten und beruflichen Umfeld ben\u00f6tigt unser K\u00f6rper eine st\u00e4rkere Versorgung. Daher spielen Mikron\u00e4hrstoffe nicht nur in der medizinischen Therapie eine wichtige Rolle, sondern auch in der Pr\u00e4vention, so dass eine stabile Gesundheit und eine hohe Vitalit\u00e4t bis in das fortgeschrittene Alter bestehen kann. <\/div><\/div> <div class=\"ut-accordion-heading \"><a data-parent=\"#ut-accordion-parent-1\" class=\"accordion-toggle collapsed \" data-toggle=\"collapse\" data-target=\"#accordion3\">Darmsanierung<\/a><\/div><div id=\"accordion3\" class=\"ut-accordion-body collapse\"><div class=\"ut-accordion-inner entry-content clearfix\"> Im Darm sitzt ein sehr gro\u00dfer Anteil unseres Immunsystems. Bei st\u00e4ndig wiederkehrender Krankheit, Migr\u00e4ne, st\u00e4ndiger M\u00fcdigkeit und bei Antibiotikaeinnahme sollte unser Milieu im Darm kontrolliert werden. Durch den Wiederaufbau einer gesunden Darmflora findet eine nat\u00fcrliche Regulation unseres K\u00f6rpers statt. Somit k\u00f6nnen auch unsere Nahrungsmittel und Mikron\u00e4hrstoffe besser aufgespalten werden und stehen unserem K\u00f6rper f\u00fcr eine gr\u00f6\u00dfere Leistungsf\u00e4higkeit zur Verf\u00fcgung. <\/div><\/div> <\/div><\/div>[\/vc_column_text][vc_empty_space][\/vc_column][\/vc_row][vc_row][vc_column]<div id=\"ut_oms_69fb2963aa9f2\" class=\"wpb_content_element \"><style type=\"text\/css\"> #ut_oms_69fb2963aa9f2 .ut-gallery-slider-caption-wrap::before { content: \"\"; }<\/style><div class=\"ut-owl-gallery-slider-wrap ut-owl-gallery-slider-style-one\"><div id=\"ut_ms_69fb2963aa9f0\" class=\"ut-owl-gallery-slider owl-carousel owl-theme  ut-owl-carousel\" data-settings=\"{&quot;items&quot;:&quot;3&quot;,&quot;lazyLoad&quot;:true,&quot;smartSpeed&quot;:600,&quot;animateIn&quot;:false,&quot;animateOut&quot;:false,&quot;autoplay&quot;:true,&quot;autoplayHoverPause&quot;:true,&quot;autoplayTimeout&quot;:5000,&quot;loop&quot;:true,&quot;nav&quot;:false,&quot;dots&quot;:false,&quot;responsiveClass&quot;:true,&quot;responsive&quot;:{&quot;0&quot;:{&quot;items&quot;:1},&quot;768&quot;:{&quot;items&quot;:&quot;2&quot;},&quot;1025&quot;:{&quot;items&quot;:&quot;3&quot;}},&quot;lightbox&quot;:&quot;yes&quot;}\"><div><figure class=\"ut-gallery-slider-caption-wrap\"><a data-title=\"flaeschchen\" data-caption=\"\" data-caption-color=\"\" data-caption-background=\"\" data-trigger-id=\"ut-lightbox-trigger-2699\" data-exthumbimage=\"https:\/\/naturheilpraxis-benker.de\/wp-content\/uploads\/2016\/06\/flaeschchen-200x200.jpg\" href=\"https:\/\/naturheilpraxis-benker.de\/wp-content\/uploads\/2016\/06\/flaeschchen.jpg\" class=\"for-lightbox ut-slider-maximize\"><i class=\"Bklyn-Core-Maximize-3\"><\/i><\/a><img class=\"item owl-lazy\"  data-src=\"https:\/\/naturheilpraxis-benker.de\/wp-content\/uploads\/2016\/06\/flaeschchen-1024x683.jpg\" \/><\/figure><\/div><div><figure class=\"ut-gallery-slider-caption-wrap\"><a data-title=\"ohrakupunktur\" data-caption=\"\" data-caption-color=\"\" data-caption-background=\"\" data-trigger-id=\"ut-lightbox-trigger-2698\" data-exthumbimage=\"https:\/\/naturheilpraxis-benker.de\/wp-content\/uploads\/2016\/06\/ohrakupunktr-200x200.jpg\" href=\"https:\/\/naturheilpraxis-benker.de\/wp-content\/uploads\/2016\/06\/ohrakupunktr.jpg\" class=\"for-lightbox ut-slider-maximize\"><i class=\"Bklyn-Core-Maximize-3\"><\/i><\/a><img class=\"item owl-lazy\"  data-src=\"https:\/\/naturheilpraxis-benker.de\/wp-content\/uploads\/2016\/06\/ohrakupunktr-1024x683.jpg\" \/><\/figure><\/div><div><figure class=\"ut-gallery-slider-caption-wrap\"><a data-title=\"behandlungsliege\" data-caption=\"\" data-caption-color=\"\" data-caption-background=\"\" data-trigger-id=\"ut-lightbox-trigger-2701\" data-exthumbimage=\"https:\/\/naturheilpraxis-benker.de\/wp-content\/uploads\/2016\/06\/behandlungsliege-200x200.jpg\" href=\"https:\/\/naturheilpraxis-benker.de\/wp-content\/uploads\/2016\/06\/behandlungsliege.jpg\" class=\"for-lightbox ut-slider-maximize\"><i class=\"Bklyn-Core-Maximize-3\"><\/i><\/a><img class=\"item owl-lazy\"  data-src=\"https:\/\/naturheilpraxis-benker.de\/wp-content\/uploads\/2016\/06\/behandlungsliege-1024x683.jpg\" \/><\/figure><\/div><div><figure class=\"ut-gallery-slider-caption-wrap\"><a data-title=\"globuli\" data-caption=\"\" data-caption-color=\"\" data-caption-background=\"\" data-trigger-id=\"ut-lightbox-trigger-2700\" data-exthumbimage=\"https:\/\/naturheilpraxis-benker.de\/wp-content\/uploads\/2016\/06\/globuli-200x200.jpg\" href=\"https:\/\/naturheilpraxis-benker.de\/wp-content\/uploads\/2016\/06\/globuli.jpg\" class=\"for-lightbox ut-slider-maximize\"><i class=\"Bklyn-Core-Maximize-3\"><\/i><\/a><img class=\"item owl-lazy\"  data-src=\"https:\/\/naturheilpraxis-benker.de\/wp-content\/uploads\/2016\/06\/globuli-1024x683.jpg\" \/><\/figure><\/div><div><figure class=\"ut-gallery-slider-caption-wrap\"><a data-title=\"IMG_4152\" data-caption=\"\" data-caption-color=\"\" data-caption-background=\"\" data-trigger-id=\"ut-lightbox-trigger-2705\" data-exthumbimage=\"https:\/\/naturheilpraxis-benker.de\/wp-content\/uploads\/2016\/07\/IMG_4152-e1467664138441-200x200.jpg\" href=\"https:\/\/naturheilpraxis-benker.de\/wp-content\/uploads\/2016\/07\/IMG_4152-e1467664138441.jpg\" class=\"for-lightbox ut-slider-maximize\"><i class=\"Bklyn-Core-Maximize-3\"><\/i><\/a><img class=\"item owl-lazy\"  data-src=\"https:\/\/naturheilpraxis-benker.de\/wp-content\/uploads\/2016\/07\/IMG_4152-1024x683.jpg\" \/><\/figure><\/div><\/div><a href=\"#\" data-for=\"ut_ms_69fb2963aa9f0\" class=\"ut-prev-gallery-slide \"><i class=\"Bklyn-Core-Left-2\"><\/i><\/a><a href=\"#\" data-for=\"ut_ms_69fb2963aa9f0\" class=\"ut-next-gallery-slide \"><i class=\"Bklyn-Core-Right-2\"><\/i><\/a><\/div><\/div>[vc_empty_space mobile_height=&#8220;20px&#8220;][\/vc_column][\/vc_row]<\/p>\n","protected":false},"excerpt":{"rendered":"<p>[vc_row][vc_column][vc_separator][vc_empty_space mobile_height=&#8220;20px&#8220;][vc_column_text][\/vc_column_text][vc_empty_space][\/vc_column][\/vc_row][vc_row][vc_column][vc_empty_space mobile_height=&#8220;20px&#8220;][\/vc_column][\/vc_row]<\/p>\n","protected":false},"author":1,"featured_media":0,"parent":0,"menu_order":1,"comment_status":"closed","ping_status":"closed","template":"","meta":{"footnotes":""},"class_list":["post-2707","page","type-page","status-publish","hentry"],"_links":{"self":[{"href":"https:\/\/naturheilpraxis-benker.de\/index.php?rest_route=\/wp\/v2\/pages\/2707","targetHints":{"allow":["GET"]}}],"collection":[{"href":"https:\/\/naturheilpraxis-benker.de\/index.php?rest_route=\/wp\/v2\/pages"}],"about":[{"href":"https:\/\/naturheilpraxis-benker.de\/index.php?rest_route=\/wp\/v2\/types\/page"}],"author":[{"embeddable":true,"href":"https:\/\/naturheilpraxis-benker.de\/index.php?rest_route=\/wp\/v2\/users\/1"}],"replies":[{"embeddable":true,"href":"https:\/\/naturheilpraxis-benker.de\/index.php?rest_route=%2Fwp%2Fv2%2Fcomments&post=2707"}],"version-history":[{"count":12,"href":"https:\/\/naturheilpraxis-benker.de\/index.php?rest_route=\/wp\/v2\/pages\/2707\/revisions"}],"predecessor-version":[{"id":2791,"href":"https:\/\/naturheilpraxis-benker.de\/index.php?rest_route=\/wp\/v2\/pages\/2707\/revisions\/2791"}],"wp:attachment":[{"href":"https:\/\/naturheilpraxis-benker.de\/index.php?rest_route=%2Fwp%2Fv2%2Fmedia&parent=2707"}],"curies":[{"name":"wp","href":"https:\/\/api.w.org\/{rel}","templated":true}]}}